{"id":13,"date":"2025-02-16T17:19:02","date_gmt":"2025-02-16T15:19:02","guid":{"rendered":"https:\/\/superbmuscle.lt\/?page_id=13"},"modified":"2025-07-14T14:05:58","modified_gmt":"2025-07-14T12:05:58","slug":"refund_returns","status":"publish","type":"page","link":"https:\/\/superbmuscle.lt\/en\/refund_returns\/","title":{"rendered":"Purchase and refund rules"},"content":{"rendered":"<h2 class=\"wp-block-heading\"><strong>1. Bendrosios nuostatos<\/strong><\/h2>\n\n\n\n<p>1.1. \u0160ios taisykl\u0117s reglamentuoja skaitmenini\u0173 preki\u0173 (sporto program\u0173) pardavimo, apmok\u0117jimo ir gr\u0105\u017einimo s\u0105lygas.<br>1.2. Pardav\u0117jas: <strong>Vilius Petrik<\/strong><\/p>\n\n\n\n<ul class=\"wp-block-list\">\n<li>\ud83d\udcde <strong>Telefonas<\/strong>: +370 628 73571<\/li>\n\n\n\n<li><strong>\ud83d\udcc4<\/strong>  <strong>Indv. v. nr:\u00a0<\/strong> 889413<\/li>\n\n\n\n<li>\ud83d\udce7 <strong>El. pa\u0161tas<\/strong>: <a>vilius.petrik@gmail.com<\/a><br>1.3. \u012esigydamas skaitmenines prekes, Pirk\u0117jas patvirtina, kad yra susipa\u017ein\u0119s su \u0161iomis taisykl\u0117mis ir sutinka j\u0173 laikytis.<\/li>\n<\/ul>\n\n\n\n<hr class=\"wp-block-separator has-alpha-channel-opacity\"\/>\n\n\n\n<h2 class=\"wp-block-heading\"><strong>2. Skaitmenini\u0173 preki\u0173 \u012fsigijimas ir apmok\u0117jimas<\/strong><\/h2>\n\n\n\n<p>2.1. Skaitmenin\u0117s sporto programos parduodamos tik internetu, o po s\u0117kmingo apmok\u0117jimo Pirk\u0117jas gauna nuorod\u0105 arba fail\u0105 su \u012fsigyta programa.<br>2.2. Apmok\u0117jimas u\u017e prekes atliekamas bankiniu pavedimu, elektronine bankininkyste ar kitais nurodytais mok\u0117jimo b\u016bdais.<br>2.3. Pirk\u0117jas yra atsakingas u\u017e teisingos el. pa\u0161to informacijos pateikim\u0105, kad b\u016bt\u0173 u\u017etikrintas sklandus preki\u0173 pristatymas.<br>2.4. Pirkdamas prek\u0119, Pirk\u0117jas privalo pa\u017eym\u0117ti varnel\u0119:<br>\u2705 &#8222;Sutinku su pirkimo ir pinig\u0173 gr\u0105\u017einimo taisykl\u0117mis.&#8221;<\/p>\n\n\n\n<hr class=\"wp-block-separator has-alpha-channel-opacity\"\/>\n\n\n\n<h2 class=\"wp-block-heading\"><strong>3. Skaitmenini\u0173 preki\u0173 pristatymas<\/strong><\/h2>\n\n\n\n<p>3.1. \u012esigytos sporto programos Pirk\u0117jui pateikiamos el. pa\u0161tu arba per nurodyt\u0105 atsisiuntimo nuorod\u0105.<br>3.2. Jei Pirk\u0117jas negauna sporto programos per 24 valandas nuo apmok\u0117jimo, jis privalo nedelsiant kreiptis \u012f Pardav\u0117j\u0105 el. pa\u0161tu <a><strong>vilius.petrik@gmail.com<\/strong><\/a>.<\/p>\n\n\n\n<hr class=\"wp-block-separator has-alpha-channel-opacity\"\/>\n\n\n\n<h2 class=\"wp-block-heading\"><strong>4. Pinig\u0173 gr\u0105\u017einimo politika<\/strong><\/h2>\n\n\n\n<p>4.1. Kadangi parduodamos prek\u0117s yra <strong>skaitmenin\u0117s<\/strong>, pinig\u0173 gr\u0105\u017einimas <strong>n\u0117ra taikomas<\/strong>, i\u0161skyrus \u0161iuos atvejus:<\/p>\n\n\n\n<ul class=\"wp-block-list\">\n<li>Pirk\u0117jas gavo neteising\u0105 arba sugadint\u0105 fail\u0105.<\/li>\n\n\n\n<li>Sporto programos failas neatsidaro arba neveikia d\u0117l Pardav\u0117jo klaidos.<br>4.2. Pirk\u0117jui neteikiama galimyb\u0117 atsisakyti skaitmenin\u0117s prek\u0117s ir pra\u0161yti pinig\u0173 gr\u0105\u017einimo, jei programa buvo jau pateikta elektroniniu b\u016bdu.<br>4.3. Pinigai negr\u0105\u017einami, jei pirk\u0117jas teigia, kad programa jam \u201enetiko\u201c ar \u201enepatiko\u201c.<br>4.4. Jei sporto programos failas negali b\u016bti atidarytas arba yra sugadintas, Pirk\u0117jas privalo susisiekti su Pardav\u0117ju per <strong>14 dien\u0173<\/strong>. Pardav\u0117jas \u012fsipareigoja problem\u0105 i\u0161spr\u0119sti \u2013 pateikti nauj\u0105 fail\u0105 arba technin\u0119 pagalb\u0105. Pinigai gr\u0105\u017einami tik tuo atveju, jei problemos nepavyksta i\u0161spr\u0119sti.<br>4.5. Jei problema negali b\u016bti i\u0161spr\u0119sta, pinigai gr\u0105\u017einami per <strong>7 darbo dienas<\/strong>.<\/li>\n<\/ul>\n\n\n\n<hr class=\"wp-block-separator has-alpha-channel-opacity\"\/>\n\n\n\n<h2 class=\"wp-block-heading\"><strong>5. Atsakomyb\u0117s apribojimas (Disclaimer)<\/strong><\/h2>\n\n\n\n<p>5.1. Pardav\u0117jas n\u0117ra atsakingas u\u017e jokias <strong>sveikatos problemas ar su\u017ealojimus<\/strong>, atsiradusius naudojantis sporto programomis.<br>5.2. Pirk\u0117jas pripa\u017e\u012fsta, kad:<\/p>\n\n\n\n<ul class=\"wp-block-list\">\n<li>Sporto programa n\u0117ra pritaikyta specifin\u0117ms medicinin\u0117ms b\u016bkl\u0117ms.<\/li>\n\n\n\n<li>Prie\u0161 pradedant sportuoti, <strong>rekomenduojama pasitarti su gydytoju ar kineziterapeutu<\/strong>.<\/li>\n\n\n\n<li>Pardav\u0117jas neatsako u\u017e netinkamai atliekamus pratimus ar j\u0173 pasekmes.<br>5.3. Sporto programos yra <strong>informatyvaus pob\u016bd\u017eio<\/strong> ir netur\u0117t\u0173 b\u016bti laikomos profesionaliu medicininiu patarimu.<br>5.4. Pirk\u0117jas prisiima <strong>asmenin\u0119 atsakomyb\u0119<\/strong> u\u017e treniruo\u010di\u0173 metu atliekamus pratimus.<br>5.5. Pardav\u0117jas negarantuoja konkre\u010di\u0173 rezultat\u0173, nes jie priklauso nuo individuali\u0173 fizini\u0173 savybi\u0173, mitybos ir treniruo\u010di\u0173 intensyvumo. Visi sporto rezultatai yra asmenin\u0117 Pirk\u0117jo atsakomyb\u0117.<\/li>\n<\/ul>\n\n\n\n<hr class=\"wp-block-separator has-alpha-channel-opacity\"\/>\n\n\n\n<h2 class=\"wp-block-heading\"><strong>6. Intelektin\u0117 nuosavyb\u0117<\/strong><\/h2>\n\n\n\n<p>6.1. Visos skaitmenin\u0117s sporto programos yra <strong>Viliaus Petriko intelektin\u0117 nuosavyb\u0117<\/strong>.<br>6.2. <strong>Draud\u017eiama<\/strong> dalintis, platinti, parduoti ar kitaip vie\u0161ai skelbti \u012fsigytas sporto programas be Pardav\u0117jo ra\u0161ti\u0161ko sutikimo.<\/p>\n\n\n\n<hr class=\"wp-block-separator has-alpha-channel-opacity\"\/>\n\n\n\n<h2 class=\"wp-block-heading\"><strong>7. Baigiamosios nuostatos<\/strong><\/h2>\n\n\n\n<p>7.1. Pardav\u0117jas pasilieka teis\u0119 bet kada keisti \u0161ias taisykles, informuodamas klientus el. pa\u0161tu ar savo svetain\u0117je.<br>7.2. Bet kokie gin\u010dai ar nesutarimai sprend\u017eiami deryb\u0173 b\u016bdu, o nepavykus susitarti \u2013 vadovaujantis Lietuvos Respublikos teis\u0117s aktais.<\/p>\n\n\n\n<hr class=\"wp-block-separator has-alpha-channel-opacity\"\/>\n\n\n\n<h3 class=\"wp-block-heading\"><strong>\ud83d\udccc Kontaktai:<\/strong><\/h3>\n\n\n\n<p>\ud83d\udce7 <strong>El. mail:<\/strong> <a>vilius.petrik@gmail.com<\/a><br>\ud83d\udcde <strong>Telefonas:<\/strong> +370 628 73571<\/p>","protected":false},"excerpt":{"rendered":"<p>1. Bendrosios nuostatos 1.1. \u0160ios taisykl\u0117s reglamentuoja skaitmenini\u0173 preki\u0173 (sporto program\u0173) pardavimo, apmok\u0117jimo ir gr\u0105\u017einimo s\u0105lygas.1.2. Pardav\u0117jas: Vilius Petrik 2. Skaitmenini\u0173 preki\u0173 \u012fsigijimas ir apmok\u0117jimas 2.1. Skaitmenin\u0117s sporto programos parduodamos tik internetu, o po s\u0117kmingo apmok\u0117jimo Pirk\u0117jas gauna nuorod\u0105 arba fail\u0105 su \u012fsigyta programa.2.2. Apmok\u0117jimas u\u017e prekes atliekamas bankiniu pavedimu, elektronine bankininkyste ar kitais nurodytais [&hellip;]<\/p>\n","protected":false},"author":1,"featured_media":0,"parent":0,"menu_order":0,"comment_status":"closed","ping_status":"closed","template":"","meta":{"_themeisle_gutenberg_block_has_review":false,"footnotes":""},"class_list":["post-13","page","type-page","status-publish","hentry"],"aioseo_notices":[],"jetpack_sharing_enabled":true,"_links":{"self":[{"href":"https:\/\/superbmuscle.lt\/en\/wp-json\/wp\/v2\/pages\/13","targetHints":{"allow":["GET"]}}],"collection":[{"href":"https:\/\/superbmuscle.lt\/en\/wp-json\/wp\/v2\/pages"}],"about":[{"href":"https:\/\/superbmuscle.lt\/en\/wp-json\/wp\/v2\/types\/page"}],"author":[{"embeddable":true,"href":"https:\/\/superbmuscle.lt\/en\/wp-json\/wp\/v2\/users\/1"}],"replies":[{"embeddable":true,"href":"https:\/\/superbmuscle.lt\/en\/wp-json\/wp\/v2\/comments?post=13"}],"version-history":[{"count":3,"href":"https:\/\/superbmuscle.lt\/en\/wp-json\/wp\/v2\/pages\/13\/revisions"}],"predecessor-version":[{"id":5601,"href":"https:\/\/superbmuscle.lt\/en\/wp-json\/wp\/v2\/pages\/13\/revisions\/5601"}],"wp:attachment":[{"href":"https:\/\/superbmuscle.lt\/en\/wp-json\/wp\/v2\/media?parent=13"}],"curies":[{"name":"wp","href":"https:\/\/api.w.org\/{rel}","templated":true}]}}